{"id":48,"date":"2020-10-20T10:53:59","date_gmt":"2020-10-20T10:53:59","guid":{"rendered":"https:\/\/hopea-puro.com\/b2b\/?page_id=48"},"modified":"2023-10-11T13:48:02","modified_gmt":"2023-10-11T11:48:02","slug":"hopea-puro-b2b","status":"publish","type":"page","link":"https:\/\/hopea-puro.com\/b2b\/","title":{"rendered":"Hopea-Puro B2B"},"content":{"rendered":"\t\t<div data-elementor-type=\"wp-page\" data-elementor-id=\"48\" class=\"elementor elementor-48\">\n\t\t\t\t\t\t<section class=\"elementor-section elementor-top-section elementor-element elementor-element-f93f2df elementor-section-boxed elementor-section-height-default elementor-section-height-default\" data-id=\"f93f2df\" data-element_type=\"section\" data-e-type=\"section\">\n\t\t\t\t\t\t<div class=\"elementor-container elementor-column-gap-default\">\n\t\t\t\t\t<div class=\"elementor-column elementor-col-50 elementor-top-column elementor-element elementor-element-c7aadc7\" data-id=\"c7aadc7\" data-element_type=\"column\" data-e-type=\"column\">\n\t\t\t<div class=\"elementor-widget-wrap elementor-element-populated\">\n\t\t\t\t\t\t<div class=\"elementor-element elementor-element-ae518d1 elementor-widget elementor-widget-heading\" data-id=\"ae518d1\" data-element_type=\"widget\" data-e-type=\"widget\" data-widget_type=\"heading.default\">\n\t\t\t\t<div class=\"elementor-widget-container\">\n\t\t\t\t\t<h1 class=\"elementor-heading-title elementor-size-default\">Hopea-Puro on suomalainen korutukku Kauhavalla<\/h1>\t\t\t\t<\/div>\n\t\t\t\t<\/div>\n\t\t\t\t<div class=\"elementor-element elementor-element-91bb4bc elementor-widget elementor-widget-text-editor\" data-id=\"91bb4bc\" data-element_type=\"widget\" data-e-type=\"widget\" data-widget_type=\"text-editor.default\">\n\t\t\t\t<div class=\"elementor-widget-container\">\n\t\t\t\t\t\t\t\t\t<p>Korumme sopivat lis\u00e4myynniksi erityisesti kauneusalan yrityksille, mutta korujamme voi myyd\u00e4 my\u00f6s ilman y-tunnusta, esimerkiksi kotikutsuja pit\u00e4m\u00e4ll\u00e4. J\u00e4lleenmyyj\u00e4n\u00e4mme saat tunnukset verkkokauppaamme, mist\u00e4 voi tilata koruja tukkuhintaan ja myyd\u00e4 eteenp\u00e4in omille asiakkaillesi. Korujen j\u00e4lleenmyynti on paitsi kannattavaa, my\u00f6s mukavaa ja helppoa kun valitset kumppaniksesi suomalaisen korutukun &#8211; Hopea-Puro Oy:n miss\u00e4 tukenasi ovat iloiset asiakaspalvelijat ja osaava tiimi. Saat meilt\u00e4 valmiit markkinointimateriaalit ja p\u00e4\u00e4set mukaan j\u00e4lleenmyyjien yhteis\u00f6\u00f6n, josta saat arvokkaita vinkkej\u00e4 ja opastusta.<\/p>\t\t\t\t\t\t\t\t<\/div>\n\t\t\t\t<\/div>\n\t\t\t\t<div class=\"elementor-element elementor-element-9089416 elementor-widget elementor-widget-heading\" data-id=\"9089416\" data-element_type=\"widget\" data-e-type=\"widget\" data-widget_type=\"heading.default\">\n\t\t\t\t<div class=\"elementor-widget-container\">\n\t\t\t\t\t<h3 class=\"elementor-heading-title elementor-size-xl\">Kiinnostuitko j\u00e4lleenmyynnist\u00e4?<\/h3>\t\t\t\t<\/div>\n\t\t\t\t<\/div>\n\t\t\t\t<div class=\"elementor-element elementor-element-f75974c elementor-widget elementor-widget-text-editor\" data-id=\"f75974c\" data-element_type=\"widget\" data-e-type=\"widget\" data-widget_type=\"text-editor.default\">\n\t\t\t\t<div class=\"elementor-widget-container\">\n\t\t\t\t\t\t\t\t\t<p>T\u00e4yt\u00e4 hakemus ja otamme sinuun yhteytt\u00e4 kolmen arkip\u00e4iv\u00e4n kuluessa.<\/p>\t\t\t\t\t\t\t\t<\/div>\n\t\t\t\t<\/div>\n\t\t\t\t<div class=\"elementor-element elementor-element-3d5dfff elementor-align-center elementor-widget elementor-widget-button\" data-id=\"3d5dfff\" data-element_type=\"widget\" data-e-type=\"widget\" data-widget_type=\"button.default\">\n\t\t\t\t<div class=\"elementor-widget-container\">\n\t\t\t\t\t\t\t\t\t<div class=\"elementor-button-wrapper\">\n\t\t\t\t\t<a class=\"elementor-button elementor-button-link elementor-size-lg elementor-animation-hang\" href=\"https:\/\/hopea-puro.com\/sopimus\/\">\n\t\t\t\t\t\t<span class=\"elementor-button-content-wrapper\">\n\t\t\t\t\t\t\t\t\t<span class=\"elementor-button-text\">ALOITA T\u00c4ST\u00c4<\/span>\n\t\t\t\t\t<\/span>\n\t\t\t\t\t<\/a>\n\t\t\t\t<\/div>\n\t\t\t\t\t\t\t\t<\/div>\n\t\t\t\t<\/div>\n\t\t\t\t\t<\/div>\n\t\t<\/div>\n\t\t\t\t<div class=\"elementor-column elementor-col-50 elementor-top-column elementor-element elementor-element-b87add9 elementor-hidden-phone\" data-id=\"b87add9\" data-element_type=\"column\" data-e-type=\"column\" data-settings=\"{&quot;background_background&quot;:&quot;classic&quot;}\">\n\t\t\t<div class=\"elementor-widget-wrap\">\n\t\t\t\t\t\t\t<\/div>\n\t\t<\/div>\n\t\t\t\t\t<\/div>\n\t\t<\/section>\n\t\t\t\t<section class=\"elementor-section elementor-top-section elementor-element elementor-element-165b97e elementor-hidden-tablet elementor-hidden-phone elementor-section-boxed elementor-section-height-default elementor-section-height-default\" data-id=\"165b97e\" data-element_type=\"section\" data-e-type=\"section\">\n\t\t\t\t\t\t<div class=\"elementor-container elementor-column-gap-default\">\n\t\t\t\t\t<div class=\"elementor-column elementor-col-100 elementor-top-column elementor-element elementor-element-2c2cac1\" data-id=\"2c2cac1\" data-element_type=\"column\" data-e-type=\"column\">\n\t\t\t<div class=\"elementor-widget-wrap elementor-element-populated\">\n\t\t\t\t\t\t<div class=\"elementor-element elementor-element-85b9ab7 elementor-align-justify elementor-widget elementor-widget-button\" data-id=\"85b9ab7\" data-element_type=\"widget\" data-e-type=\"widget\" data-widget_type=\"button.default\">\n\t\t\t\t<div class=\"elementor-widget-container\">\n\t\t\t\t\t\t\t\t\t<div class=\"elementor-button-wrapper\">\n\t\t\t\t\t<a class=\"elementor-button elementor-button-link elementor-size-md\" href=\"https:\/\/hopea-puro.com\/product-category\/korut\/\">\n\t\t\t\t\t\t<span class=\"elementor-button-content-wrapper\">\n\t\t\t\t\t\t\t\t\t<span class=\"elementor-button-text\">Selaa verkkokauppaa<\/span>\n\t\t\t\t\t<\/span>\n\t\t\t\t\t<\/a>\n\t\t\t\t<\/div>\n\t\t\t\t\t\t\t\t<\/div>\n\t\t\t\t<\/div>\n\t\t\t\t\t<\/div>\n\t\t<\/div>\n\t\t\t\t\t<\/div>\n\t\t<\/section>\n\t\t\t\t<section class=\"elementor-section elementor-top-section elementor-element elementor-element-f42b1ed elementor-reverse-mobile elementor-section-boxed elementor-section-height-default elementor-section-height-default\" data-id=\"f42b1ed\" data-element_type=\"section\" data-e-type=\"section\">\n\t\t\t\t\t\t<div class=\"elementor-container elementor-column-gap-default\">\n\t\t\t\t\t<div class=\"elementor-column elementor-col-100 elementor-top-column elementor-element elementor-element-1838b77 animated-slow\" data-id=\"1838b77\" data-element_type=\"column\" data-e-type=\"column\" data-settings=\"{&quot;animation&quot;:&quot;none&quot;}\">\n\t\t\t<div class=\"elementor-widget-wrap elementor-element-populated\">\n\t\t\t\t\t\t<div class=\"elementor-element elementor-element-c8d570f elementor-widget elementor-widget-heading\" data-id=\"c8d570f\" data-element_type=\"widget\" data-e-type=\"widget\" data-widget_type=\"heading.default\">\n\t\t\t\t<div class=\"elementor-widget-container\">\n\t\t\t\t\t<h2 class=\"elementor-heading-title elementor-size-default\">Kokemuksia j\u00e4lleenmyynnist\u00e4<\/h2>\t\t\t\t<\/div>\n\t\t\t\t<\/div>\n\t\t\t\t<div class=\"elementor-element elementor-element-65f481e elementor-posts--thumbnail-none elementor-grid-3 elementor-grid-tablet-2 elementor-grid-mobile-1 elementor-card-shadow-yes elementor-posts__hover-gradient elementor-widget elementor-widget-posts\" data-id=\"65f481e\" data-element_type=\"widget\" data-e-type=\"widget\" data-settings=\"{&quot;cards_columns&quot;:&quot;3&quot;,&quot;cards_columns_tablet&quot;:&quot;2&quot;,&quot;cards_columns_mobile&quot;:&quot;1&quot;,&quot;cards_row_gap&quot;:{&quot;unit&quot;:&quot;px&quot;,&quot;size&quot;:35,&quot;sizes&quot;:[]},&quot;cards_row_gap_tablet&quot;:{&quot;unit&quot;:&quot;px&quot;,&quot;size&quot;:&quot;&quot;,&quot;sizes&quot;:[]},&quot;cards_row_gap_mobile&quot;:{&quot;unit&quot;:&quot;px&quot;,&quot;size&quot;:&quot;&quot;,&quot;sizes&quot;:[]}}\" data-widget_type=\"posts.cards\">\n\t\t\t\t<div class=\"elementor-widget-container\">\n\t\t\t\t\t\t\t<div class=\"elementor-posts-container elementor-posts elementor-posts--skin-cards elementor-grid\">\n\t\t\t\t<article class=\"elementor-post elementor-grid-item post-719 post type-post status-publish format-standard hentry category-kokemuksia-jalleenmyynnista\">\n\t\t\t<div class=\"elementor-post__card\">\n\t\t\t\t<div class=\"elementor-post__text\">\n\t\t\t\t<h3 class=\"elementor-post__title\">\n\t\t\t<a href=\"https:\/\/hopea-puro.com\/b2b\/2022\/03\/30\/leibai-kahvila-ja-kirpputori-pienen-kaupungin-keskustassa\/\" >\n\t\t\t\tLeiBai, kahvila- ja kirpputori pienen kaupungin keskustassa\t\t\t<\/a>\n\t\t<\/h3>\n\t\t\t\t<div class=\"elementor-post__excerpt\">\n\t\t\t<p>Ollaan alusta asti tyk\u00e4tty olla Hopea-Puron j\u00e4lleenmyyj\u00e4n\u00e4. Palvelu on ensiluokkaista ja j\u00e4lleenmyyjist\u00e4 pidet\u00e4\u00e4n huolta. Aloituspakkaus on aivan loistava juttu! Asiakaspalvelu on Hopea-Purolla ollut alusta asti aivan loistavaa. Asiakkailla my\u00f6sk\u00e4\u00e4n ei ole ollut moitittavaa tuotteiden<\/p>\n\t\t<\/div>\n\t\t\t\t<\/div>\n\t\t\t\t\t<\/div>\n\t\t<\/article>\n\t\t\t\t<article class=\"elementor-post elementor-grid-item post-163 post type-post status-publish format-standard hentry category-kokemuksia-jalleenmyynnista\">\n\t\t\t<div class=\"elementor-post__card\">\n\t\t\t\t<div class=\"elementor-post__text\">\n\t\t\t\t<h3 class=\"elementor-post__title\">\n\t\t\t<a href=\"https:\/\/hopea-puro.com\/b2b\/2020\/10\/22\/maria-ria-sisustus-seinajoki\/\" >\n\t\t\t\tMaria, Ria Sisustus, Sein\u00e4joki\t\t\t<\/a>\n\t\t<\/h3>\n\t\t\t\t<div class=\"elementor-post__excerpt\">\n\t\t\t<p>&#8221;Liikkeeni tuotevalikoima on maalaisromanttishenkinen. Tuotteita on laidasta laitaan kynttil\u00f6ist\u00e4 tyynyihin. Vaaleat ja hempe\u00e4t s\u00e4vyt sopivat valikoimaamme parhaiten. Halusin kuitenkin tarjota asiakkailleni jotain uutta ja erilaista ja p\u00e4\u00e4dyin Hopea-Puron koruihin. Korut ovat tyylilt\u00e4\u00e4n myym\u00e4l\u00e4\u00e4mme sopivia,<\/p>\n\t\t<\/div>\n\t\t\t\t<\/div>\n\t\t\t\t\t<\/div>\n\t\t<\/article>\n\t\t\t\t<article class=\"elementor-post elementor-grid-item post-156 post type-post status-publish format-standard hentry category-kokemuksia-jalleenmyynnista\">\n\t\t\t<div class=\"elementor-post__card\">\n\t\t\t\t<div class=\"elementor-post__text\">\n\t\t\t\t<h3 class=\"elementor-post__title\">\n\t\t\t<a href=\"https:\/\/hopea-puro.com\/b2b\/2020\/10\/22\/merja-lamminkangas-kotikutsumyyja\/\" >\n\t\t\t\tMerja Lamminkangas, kotikutsumyyj\u00e4\t\t\t<\/a>\n\t\t<\/h3>\n\t\t\t\t<div class=\"elementor-post__excerpt\">\n\t\t\t<p>Merja ty\u00f6skentelee arkisin toimistossa, viikonloppuisin ja iltaisin h\u00e4n k\u00e4y erilaisissa tapahtumissa tai messuilla myym\u00e4ss\u00e4 koruja. Pit\u00e4\u00e4 my\u00f6s kotikutsuja satunnaisesti. Merjalla on pitk\u00e4 tausta erilaisten kotimyyntituotteiden parissa. Hopea-Puron koruja h\u00e4n on myynyt reilu kolme vuotta.<\/p>\n\t\t<\/div>\n\t\t\t\t<\/div>\n\t\t\t\t\t<\/div>\n\t\t<\/article>\n\t\t\t\t<article class=\"elementor-post elementor-grid-item post-152 post type-post status-publish format-standard has-post-thumbnail hentry category-kokemuksia-jalleenmyynnista\">\n\t\t\t<div class=\"elementor-post__card\">\n\t\t\t\t<div class=\"elementor-post__text\">\n\t\t\t\t<h3 class=\"elementor-post__title\">\n\t\t\t<a href=\"https:\/\/hopea-puro.com\/b2b\/2020\/10\/22\/taru-lof-kauneuskeskus-lux-lapua\/\" >\n\t\t\t\tTaru L\u00f6f, Kauneuskeskus Lux, Lapua\t\t\t<\/a>\n\t\t<\/h3>\n\t\t\t\t<div class=\"elementor-post__excerpt\">\n\t\t\t<p>Taru omistaa kauneuskeskuksen pieness\u00e4 kaupungissa. Ty\u00f6ntekij\u00f6it\u00e4 omistajan lis\u00e4ksi 6. Tarulla ei ole verkkokauppa, h\u00e4n hy\u00f6dynt\u00e4\u00e4 yrityksen somekanavia aktiivisesti. Tarun asiakaskunta koostuu p\u00e4\u00e4asiassa 30\u201360- vuotiaista naisista. Tarulla korut ovat myynniss\u00e4 kassan v\u00e4litt\u00f6m\u00e4ss\u00e4 l\u00e4heisyydess\u00e4 isossa telineess\u00e4.<\/p>\n\t\t<\/div>\n\t\t\t\t<\/div>\n\t\t\t\t\t<\/div>\n\t\t<\/article>\n\t\t\t\t<\/div>\n\n\n\t\t\n\t\t\t\t\t\t<\/div>\n\t\t\t\t<\/div>\n\t\t\t\t<div class=\"elementor-element elementor-element-7fc2882 elementor-widget elementor-widget-spacer\" data-id=\"7fc2882\" data-element_type=\"widget\" data-e-type=\"widget\" data-widget_type=\"spacer.default\">\n\t\t\t\t<div class=\"elementor-widget-container\">\n\t\t\t\t\t\t\t<div class=\"elementor-spacer\">\n\t\t\t<div class=\"elementor-spacer-inner\"><\/div>\n\t\t<\/div>\n\t\t\t\t\t\t<\/div>\n\t\t\t\t<\/div>\n\t\t\t\t\t<\/div>\n\t\t<\/div>\n\t\t\t\t\t<\/div>\n\t\t<\/section>\n\t\t\t\t<\/div>\n\t\t","protected":false},"excerpt":{"rendered":"<p>Hopea-Puro on suomalainen korutukku Kauhavalla Korumme sopivat lis\u00e4myynniksi erityisesti kauneusalan yrityksille, mutta korujamme voi myyd\u00e4 my\u00f6s ilman y-tunnusta, esimerkiksi kotikutsuja pit\u00e4m\u00e4ll\u00e4. J\u00e4lleenmyyj\u00e4n\u00e4mme saat tunnukset verkkokauppaamme, mist\u00e4 voi tilata koruja tukkuhintaan ja myyd\u00e4 eteenp\u00e4in omille asiakkaillesi. Korujen j\u00e4lleenmyynti on paitsi kannattavaa, my\u00f6s mukavaa ja helppoa kun valitset kumppaniksesi suomalaisen korutukun &#8211; Hopea-Puro Oy:n miss\u00e4 tukenasi ovat [&hellip;]<\/p>\n","protected":false},"author":1,"featured_media":0,"parent":0,"menu_order":0,"comment_status":"closed","ping_status":"open","template":"","meta":{"footnotes":""},"class_list":["post-48","page","type-page","status-publish","hentry"],"_links":{"self":[{"href":"https:\/\/hopea-puro.com\/b2b\/wp-json\/wp\/v2\/pages\/48","targetHints":{"allow":["GET"]}}],"collection":[{"href":"https:\/\/hopea-puro.com\/b2b\/wp-json\/wp\/v2\/pages"}],"about":[{"href":"https:\/\/hopea-puro.com\/b2b\/wp-json\/wp\/v2\/types\/page"}],"author":[{"embeddable":true,"href":"https:\/\/hopea-puro.com\/b2b\/wp-json\/wp\/v2\/users\/1"}],"replies":[{"embeddable":true,"href":"https:\/\/hopea-puro.com\/b2b\/wp-json\/wp\/v2\/comments?post=48"}],"version-history":[{"count":0,"href":"https:\/\/hopea-puro.com\/b2b\/wp-json\/wp\/v2\/pages\/48\/revisions"}],"wp:attachment":[{"href":"https:\/\/hopea-puro.com\/b2b\/wp-json\/wp\/v2\/media?parent=48"}],"curies":[{"name":"wp","href":"https:\/\/api.w.org\/{rel}","templated":true}]}}