{"id":149,"date":"2020-10-22T11:29:31","date_gmt":"2020-10-22T11:29:31","guid":{"rendered":"https:\/\/hopea-puro.com\/b2b\/?page_id=149"},"modified":"2021-03-16T16:07:01","modified_gmt":"2021-03-16T14:07:01","slug":"isot-ketjut","status":"publish","type":"page","link":"https:\/\/hopea-puro.com\/b2b\/isot-ketjut\/","title":{"rendered":"Isot ketjut"},"content":{"rendered":"\t\t<div data-elementor-type=\"wp-page\" data-elementor-id=\"149\" class=\"elementor elementor-149\">\n\t\t\t\t\t\t<section class=\"elementor-section elementor-top-section elementor-element elementor-element-23eae6f3 elementor-section-boxed elementor-section-height-default elementor-section-height-default\" data-id=\"23eae6f3\" data-element_type=\"section\" data-e-type=\"section\">\n\t\t\t\t\t\t<div class=\"elementor-container elementor-column-gap-default\">\n\t\t\t\t\t<div class=\"elementor-column elementor-col-100 elementor-top-column elementor-element elementor-element-50450018\" data-id=\"50450018\" data-element_type=\"column\" data-e-type=\"column\">\n\t\t\t<div class=\"elementor-widget-wrap elementor-element-populated\">\n\t\t\t\t\t\t<div class=\"elementor-element elementor-element-51db4be4 elementor-widget elementor-widget-heading\" data-id=\"51db4be4\" data-element_type=\"widget\" data-e-type=\"widget\" data-widget_type=\"heading.default\">\n\t\t\t\t<div class=\"elementor-widget-container\">\n\t\t\t\t\t<h2 class=\"elementor-heading-title elementor-size-default\">Sivu on viel\u00e4 kesken<\/h2>\t\t\t\t<\/div>\n\t\t\t\t<\/div>\n\t\t\t\t<div class=\"elementor-element elementor-element-2d24afc7 elementor-widget elementor-widget-text-editor\" data-id=\"2d24afc7\" data-element_type=\"widget\" data-e-type=\"widget\" data-widget_type=\"text-editor.default\">\n\t\t\t\t<div class=\"elementor-widget-container\">\n\t\t\t\t\t\t\t\t\t<p>Kiitos kun k\u00e4vit ja pahoittelumme ettei sivun sis\u00e4lt\u00f6 ole viel\u00e4 valmis. Voit aina kysy\u00e4 meilt\u00e4 lis\u00e4tietoja esim. chatissa!<\/p><p>Toivottavasti n\u00e4emme uudelleen!<\/p>\t\t\t\t\t\t\t\t<\/div>\n\t\t\t\t<\/div>\n\t\t\t\t\t<\/div>\n\t\t<\/div>\n\t\t\t\t\t<\/div>\n\t\t<\/section>\n\t\t\t\t<\/div>\n\t\t","protected":false},"excerpt":{"rendered":"<p>Sivu on viel\u00e4 kesken Kiitos kun k\u00e4vit ja pahoittelumme ettei sivun sis\u00e4lt\u00f6 ole viel\u00e4 valmis. Voit aina kysy\u00e4 meilt\u00e4 lis\u00e4tietoja esim. chatissa! Toivottavasti n\u00e4emme uudelleen!<\/p>\n","protected":false},"author":1,"featured_media":0,"parent":0,"menu_order":0,"comment_status":"closed","ping_status":"open","template":"","meta":{"footnotes":""},"class_list":["post-149","page","type-page","status-publish","hentry"],"_links":{"self":[{"href":"https:\/\/hopea-puro.com\/b2b\/wp-json\/wp\/v2\/pages\/149","targetHints":{"allow":["GET"]}}],"collection":[{"href":"https:\/\/hopea-puro.com\/b2b\/wp-json\/wp\/v2\/pages"}],"about":[{"href":"https:\/\/hopea-puro.com\/b2b\/wp-json\/wp\/v2\/types\/page"}],"author":[{"embeddable":true,"href":"https:\/\/hopea-puro.com\/b2b\/wp-json\/wp\/v2\/users\/1"}],"replies":[{"embeddable":true,"href":"https:\/\/hopea-puro.com\/b2b\/wp-json\/wp\/v2\/comments?post=149"}],"version-history":[{"count":0,"href":"https:\/\/hopea-puro.com\/b2b\/wp-json\/wp\/v2\/pages\/149\/revisions"}],"wp:attachment":[{"href":"https:\/\/hopea-puro.com\/b2b\/wp-json\/wp\/v2\/media?parent=149"}],"curies":[{"name":"wp","href":"https:\/\/api.w.org\/{rel}","templated":true}]}}