{"id":141,"date":"2020-10-22T11:28:20","date_gmt":"2020-10-22T11:28:20","guid":{"rendered":"https:\/\/hopea-puro.com\/b2b\/?page_id=141"},"modified":"2022-03-30T14:48:57","modified_gmt":"2022-03-30T12:48:57","slug":"kauneusalan-yrittajille","status":"publish","type":"page","link":"https:\/\/hopea-puro.com\/b2b\/kauneusalan-yrittajille\/","title":{"rendered":"Kauneusalan yritt\u00e4jille"},"content":{"rendered":"\t\t<div data-elementor-type=\"wp-page\" data-elementor-id=\"141\" class=\"elementor elementor-141\">\n\t\t\t\t\t\t<section class=\"elementor-section elementor-top-section elementor-element elementor-element-18c2bf95 elementor-section-boxed elementor-section-height-default elementor-section-height-default\" data-id=\"18c2bf95\" data-element_type=\"section\" data-e-type=\"section\">\n\t\t\t\t\t\t<div class=\"elementor-container elementor-column-gap-default\">\n\t\t\t\t\t<div class=\"elementor-column elementor-col-100 elementor-top-column elementor-element elementor-element-762fc3c5\" data-id=\"762fc3c5\" data-element_type=\"column\" data-e-type=\"column\">\n\t\t\t<div class=\"elementor-widget-wrap elementor-element-populated\">\n\t\t\t\t\t\t<div class=\"elementor-element elementor-element-42db2674 elementor-widget elementor-widget-heading\" data-id=\"42db2674\" data-element_type=\"widget\" data-e-type=\"widget\" data-widget_type=\"heading.default\">\n\t\t\t\t<div class=\"elementor-widget-container\">\n\t\t\t\t\t<h1 class=\"elementor-heading-title elementor-size-default\">Kauneusalan yritt\u00e4jille lis\u00e4myynti\u00e4<\/h1>\t\t\t\t<\/div>\n\t\t\t\t<\/div>\n\t\t\t\t<section class=\"elementor-section elementor-inner-section elementor-element elementor-element-58163aa elementor-section-boxed elementor-section-height-default elementor-section-height-default\" data-id=\"58163aa\" data-element_type=\"section\" data-e-type=\"section\">\n\t\t\t\t\t\t<div class=\"elementor-container elementor-column-gap-default\">\n\t\t\t\t\t<div class=\"elementor-column elementor-col-50 elementor-inner-column elementor-element elementor-element-e0e49ca\" data-id=\"e0e49ca\" data-element_type=\"column\" data-e-type=\"column\">\n\t\t\t<div class=\"elementor-widget-wrap elementor-element-populated\">\n\t\t\t\t\t\t<div class=\"elementor-element elementor-element-6698ce4 elementor-widget elementor-widget-text-editor\" data-id=\"6698ce4\" data-element_type=\"widget\" data-e-type=\"widget\" data-widget_type=\"text-editor.default\">\n\t\t\t\t<div class=\"elementor-widget-container\">\n\t\t\t\t\t\t\t\t\t<p>Haluamme tukea kauneusalanyritt\u00e4jien toimintaa kauniiden ja edullisten lis\u00e4myyntituotteiden avulla. Korumyynnill\u00e4 saat helposti lis\u00e4tuloja joka p\u00e4iv\u00e4. Upeat korumme sopivat eri-ik\u00e4isille naisille ja ovat my\u00f6s haluttuja lahjatoiveita.<\/p><p>Tutustu toimintaamme ja ota rohkeasti yhteytt\u00e4 jos tulee kysymyksi\u00e4. Voit aloittaa esimerkiksi tilaamalla n\u00e4ytepakkauksen. Jos olet jo vakuuttunut ett\u00e4 haluat kokeilla j\u00e4lleenmyynti\u00e4, t\u00e4yt\u00e4 sopimus niin olemme teihin yhteydess\u00e4!<\/p><div>\u00a0<\/div>\t\t\t\t\t\t\t\t<\/div>\n\t\t\t\t<\/div>\n\t\t\t\t\t<\/div>\n\t\t<\/div>\n\t\t\t\t<div class=\"elementor-column elementor-col-50 elementor-inner-column elementor-element elementor-element-6def9c8\" data-id=\"6def9c8\" data-element_type=\"column\" data-e-type=\"column\">\n\t\t\t<div class=\"elementor-widget-wrap elementor-element-populated\">\n\t\t\t\t\t\t<div class=\"elementor-element elementor-element-5bbe71b elementor-widget elementor-widget-image\" data-id=\"5bbe71b\" data-element_type=\"widget\" data-e-type=\"widget\" data-widget_type=\"image.default\">\n\t\t\t\t<div class=\"elementor-widget-container\">\n\t\t\t\t\t\t\t\t\t\t\t\t\t\t\t<img fetchpriority=\"high\" decoding=\"async\" width=\"1200\" height=\"630\" src=\"https:\/\/hopea-puro.com\/b2b\/wp-content\/uploads\/sites\/2\/2022\/03\/3.png\" class=\"attachment-full size-full wp-image-564\" alt=\"\" srcset=\"https:\/\/hopea-puro.com\/b2b\/wp-content\/uploads\/sites\/2\/2022\/03\/3.png 1200w, https:\/\/hopea-puro.com\/b2b\/wp-content\/uploads\/sites\/2\/2022\/03\/3-300x158.png 300w, https:\/\/hopea-puro.com\/b2b\/wp-content\/uploads\/sites\/2\/2022\/03\/3-1024x538.png 1024w, https:\/\/hopea-puro.com\/b2b\/wp-content\/uploads\/sites\/2\/2022\/03\/3-768x403.png 768w, https:\/\/hopea-puro.com\/b2b\/wp-content\/uploads\/sites\/2\/2022\/03\/3-600x315.png 600w\" sizes=\"(max-width: 1200px) 100vw, 1200px\" \/>\t\t\t\t\t\t\t\t\t\t\t\t\t\t\t<\/div>\n\t\t\t\t<\/div>\n\t\t\t\t\t<\/div>\n\t\t<\/div>\n\t\t\t\t\t<\/div>\n\t\t<\/section>\n\t\t\t\t\t<\/div>\n\t\t<\/div>\n\t\t\t\t\t<\/div>\n\t\t<\/section>\n\t\t\t\t<\/div>\n\t\t","protected":false},"excerpt":{"rendered":"<p>Kauneusalan yritt\u00e4jille lis\u00e4myynti\u00e4 Haluamme tukea kauneusalanyritt\u00e4jien toimintaa kauniiden ja edullisten lis\u00e4myyntituotteiden avulla. Korumyynnill\u00e4 saat helposti lis\u00e4tuloja joka p\u00e4iv\u00e4. Upeat korumme sopivat eri-ik\u00e4isille naisille ja ovat my\u00f6s haluttuja lahjatoiveita. Tutustu toimintaamme ja ota rohkeasti yhteytt\u00e4 jos tulee kysymyksi\u00e4. Voit aloittaa esimerkiksi tilaamalla n\u00e4ytepakkauksen. Jos olet jo vakuuttunut ett\u00e4 haluat kokeilla j\u00e4lleenmyynti\u00e4, t\u00e4yt\u00e4 sopimus niin olemme teihin [&hellip;]<\/p>\n","protected":false},"author":1,"featured_media":0,"parent":0,"menu_order":0,"comment_status":"closed","ping_status":"open","template":"","meta":{"footnotes":""},"class_list":["post-141","page","type-page","status-publish","hentry"],"_links":{"self":[{"href":"https:\/\/hopea-puro.com\/b2b\/wp-json\/wp\/v2\/pages\/141","targetHints":{"allow":["GET"]}}],"collection":[{"href":"https:\/\/hopea-puro.com\/b2b\/wp-json\/wp\/v2\/pages"}],"about":[{"href":"https:\/\/hopea-puro.com\/b2b\/wp-json\/wp\/v2\/types\/page"}],"author":[{"embeddable":true,"href":"https:\/\/hopea-puro.com\/b2b\/wp-json\/wp\/v2\/users\/1"}],"replies":[{"embeddable":true,"href":"https:\/\/hopea-puro.com\/b2b\/wp-json\/wp\/v2\/comments?post=141"}],"version-history":[{"count":0,"href":"https:\/\/hopea-puro.com\/b2b\/wp-json\/wp\/v2\/pages\/141\/revisions"}],"wp:attachment":[{"href":"https:\/\/hopea-puro.com\/b2b\/wp-json\/wp\/v2\/media?parent=141"}],"curies":[{"name":"wp","href":"https:\/\/api.w.org\/{rel}","templated":true}]}}